{"id":250,"date":"2026-03-03T05:57:44","date_gmt":"2026-03-03T04:57:44","guid":{"rendered":"https:\/\/swietlikmontessori.pl\/?page_id=250"},"modified":"2026-03-03T06:42:22","modified_gmt":"2026-03-03T05:42:22","slug":"dla-nowych-rodzin-warsztaty-zapoznawcze","status":"publish","type":"page","link":"https:\/\/swietlikmontessori.pl\/?page_id=250","title":{"rendered":"Dla nowych rodzin &#8211; warsztaty zapoznawcze"},"content":{"rendered":"\n<p><strong>Dla nowych rodzin &#8211; warsztaty zapoznawcze<br><\/strong><\/p>\n\n\n\n<p>Rozumiemy, jak wymagaj\u0105ca bywa decyzja o wyborze przedszkola, dlatego stworzy\u0142y\u015bmy wydarzenie, podczas kt\u00f3rego mo\u017cecie bez po\u015bpiechu pozna\u0107 nas i nasze sposoby towarzyszenia dziecku w poznawaniu \u015bwiata. Dzi\u0119ki temu spotkaniu poczujecie atmosfer\u0119 \u015awietlika, b\u0119dzie te\u017c okazja porozmawia\u0107, rozejrze\u0107 si\u0119 w naszych salach, zada\u0107 pytania. Poznajmy si\u0119 stacjonarnie, to najlepszy spos\u00f3b:)<\/p>\n\n\n\n<p>Serdecznie zapraszamy na warsztaty adaptacyjne w \u015awietliku w naszych dw\u00f3ch lokalizacjach.<\/p>\n\n\n\n<p><strong>Warsztaty w przedszkolu \u015awietlik przy ulicy Wa\u0142 Miedzeszy\u0144ski 646, budynek 3.&nbsp; ( GOC\u0141AW)<\/strong><\/p>\n\n\n\n<p>Pani Magda i pani Paulina przygotowa\u0142y zaj\u0119cia dla dzieci i rodzic\u00f3w pozwalaj\u0105ce stopniowo pozna\u0107 przedszkole i przyjemnie sp\u0119dzi\u0107 czas:)<\/p>\n\n\n\n<p>Spotykamy si\u0119 w nast\u0119puj\u0105ce dni:<\/p>\n\n\n\n<p><strong>30 marca ( poniedzia\u0142ek) oraz 22 kwietnia ( \u015broda)<\/strong><\/p>\n\n\n\n<p><strong>Warsztaty w przedszkolu \u015awietlik przy ulicy Iga\u0144skiej 20 lok.U3&nbsp;(GROCH\u00d3W)<\/strong><\/p>\n\n\n\n<p>Pani Agata oraz pani Weronika zapraszaj\u0105 na interesuj\u0105ce zaj\u0119cia sensoplastyczne dla rodzic\u00f3w i dzieci, kt\u00f3re pozwol\u0105 pozna\u0107 nasze przedszkole.<\/p>\n\n\n\n<p>Spotykamy si\u0119 w nast\u0119puj\u0105ce dni:<\/p>\n\n\n\n<p><strong>25 marca (\u015broda) oraz 16 kwietnia ( czwartek)<\/strong><\/p>\n\n\n\n<p><strong>Czas zaj\u0119\u0107<\/strong>: 17:15-18.00<\/p>\n\n\n\n<p><strong>Koszt:<\/strong> 80z\u0142 za dziecko i rodzica za jedno spotkanie<\/p>\n\n\n\n<p><strong>zapisy: <\/strong>dorota.szymankiewicz@swietlikmontessori.pl<\/p>\n\n\n\n<p>Prosimy w tytule maila napisa\u0107 &#8220;Warsztaty adaptacyjne\/wybrana data&#8221;<\/p>\n\n\n\n<p><\/p>\n","protected":false},"excerpt":{"rendered":"<p>Dla nowych rodzin &#8211; warsztaty zapoznawcze Rozumiemy, jak wymagaj\u0105ca bywa decyzja o wyborze przedszkola, dlatego stworzy\u0142y\u015bmy wydarzenie, podczas kt\u00f3rego mo\u017cecie bez po\u015bpiechu pozna\u0107 nas i nasze sposoby towarzyszenia dziecku w poznawaniu \u015bwiata. Dzi\u0119ki temu spotkaniu poczujecie atmosfer\u0119 \u015awietlika, b\u0119dzie te\u017c okazja porozmawia\u0107, rozejrze\u0107 si\u0119 w naszych salach, zada\u0107 pytania. Poznajmy si\u0119 stacjonarnie, to najlepszy spos\u00f3b:) [&hellip;]<\/p>\n","protected":false},"author":3,"featured_media":0,"parent":0,"menu_order":0,"comment_status":"closed","ping_status":"closed","template":"","meta":{"footnotes":""},"class_list":["post-250","page","type-page","status-publish","hentry"],"yoast_head":"<!-- This site is optimized with the Yoast SEO plugin v26.1.1 - https:\/\/yoast.com\/wordpress\/plugins\/seo\/ -->\n<title>Zaj\u0119cia zapoznawcze dla nowych rodzin w \u015awietliku - Przedszkole \u015awietlik Montessori<\/title>\n<meta name=\"robots\" content=\"index, follow, max-snippet:-1, max-image-preview:large, max-video-preview:-1\" \/>\n<link rel=\"canonical\" href=\"https:\/\/swietlikmontessori.pl\/?page_id=250\" \/>\n<meta property=\"og:locale\" content=\"en_US\" \/>\n<meta property=\"og:type\" content=\"article\" \/>\n<meta property=\"og:title\" content=\"Zaj\u0119cia zapoznawcze dla nowych rodzin w \u015awietliku - Przedszkole \u015awietlik Montessori\" \/>\n<meta property=\"og:description\" content=\"Dla nowych rodzin &#8211; warsztaty zapoznawcze Rozumiemy, jak wymagaj\u0105ca bywa decyzja o wyborze przedszkola, dlatego stworzy\u0142y\u015bmy wydarzenie, podczas kt\u00f3rego mo\u017cecie bez po\u015bpiechu pozna\u0107 nas i nasze sposoby towarzyszenia dziecku w poznawaniu \u015bwiata. Dzi\u0119ki temu spotkaniu poczujecie atmosfer\u0119 \u015awietlika, b\u0119dzie te\u017c okazja porozmawia\u0107, rozejrze\u0107 si\u0119 w naszych salach, zada\u0107 pytania. Poznajmy si\u0119 stacjonarnie, to najlepszy spos\u00f3b:) [&hellip;]\" \/>\n<meta property=\"og:url\" content=\"https:\/\/swietlikmontessori.pl\/?page_id=250\" \/>\n<meta property=\"og:site_name\" content=\"Przedszkole \u015awietlik Montessori\" \/>\n<meta property=\"article:modified_time\" content=\"2026-03-03T05:42:22+00:00\" \/>\n<meta name=\"twitter:card\" content=\"summary_large_image\" \/>\n<meta name=\"twitter:label1\" content=\"Est. reading time\" \/>\n\t<meta name=\"twitter:data1\" content=\"2 minutes\" \/>\n<script type=\"application\/ld+json\" class=\"yoast-schema-graph\">{\"@context\":\"https:\/\/schema.org\",\"@graph\":[{\"@type\":\"WebPage\",\"@id\":\"https:\/\/swietlikmontessori.pl\/?page_id=250\",\"url\":\"https:\/\/swietlikmontessori.pl\/?page_id=250\",\"name\":\"Zaj\u0119cia zapoznawcze dla nowych rodzin w \u015awietliku - Przedszkole \u015awietlik Montessori\",\"isPartOf\":{\"@id\":\"https:\/\/swietlikmontessori.pl\/#website\"},\"datePublished\":\"2026-03-03T04:57:44+00:00\",\"dateModified\":\"2026-03-03T05:42:22+00:00\",\"breadcrumb\":{\"@id\":\"https:\/\/swietlikmontessori.pl\/?page_id=250#breadcrumb\"},\"inLanguage\":\"en-US\",\"potentialAction\":[{\"@type\":\"ReadAction\",\"target\":[\"https:\/\/swietlikmontessori.pl\/?page_id=250\"]}]},{\"@type\":\"BreadcrumbList\",\"@id\":\"https:\/\/swietlikmontessori.pl\/?page_id=250#breadcrumb\",\"itemListElement\":[{\"@type\":\"ListItem\",\"position\":1,\"name\":\"Home\",\"item\":\"https:\/\/swietlikmontessori.pl\/\"},{\"@type\":\"ListItem\",\"position\":2,\"name\":\"Dla nowych rodzin &#8211; warsztaty zapoznawcze\"}]},{\"@type\":\"WebSite\",\"@id\":\"https:\/\/swietlikmontessori.pl\/#website\",\"url\":\"https:\/\/swietlikmontessori.pl\/\",\"name\":\"Przedszkole \u015awietlik Montessori\",\"description\":\"\",\"publisher\":{\"@id\":\"https:\/\/swietlikmontessori.pl\/#organization\"},\"potentialAction\":[{\"@type\":\"SearchAction\",\"target\":{\"@type\":\"EntryPoint\",\"urlTemplate\":\"https:\/\/swietlikmontessori.pl\/?s={search_term_string}\"},\"query-input\":{\"@type\":\"PropertyValueSpecification\",\"valueRequired\":true,\"valueName\":\"search_term_string\"}}],\"inLanguage\":\"en-US\"},{\"@type\":\"Organization\",\"@id\":\"https:\/\/swietlikmontessori.pl\/#organization\",\"name\":\"Przedszkole \u015awietlik Montessori\",\"url\":\"https:\/\/swietlikmontessori.pl\/\",\"logo\":{\"@type\":\"ImageObject\",\"inLanguage\":\"en-US\",\"@id\":\"https:\/\/swietlikmontessori.pl\/#\/schema\/logo\/image\/\",\"url\":\"https:\/\/swietlikmontessori.pl\/wp-content\/uploads\/2025\/10\/swietlik.png\",\"contentUrl\":\"https:\/\/swietlikmontessori.pl\/wp-content\/uploads\/2025\/10\/swietlik.png\",\"width\":225,\"height\":225,\"caption\":\"Przedszkole \u015awietlik Montessori\"},\"image\":{\"@id\":\"https:\/\/swietlikmontessori.pl\/#\/schema\/logo\/image\/\"}}]}<\/script>\n<!-- \/ Yoast SEO plugin. -->","yoast_head_json":{"title":"Zaj\u0119cia zapoznawcze dla nowych rodzin w \u015awietliku - Przedszkole \u015awietlik Montessori","robots":{"index":"index","follow":"follow","max-snippet":"max-snippet:-1","max-image-preview":"max-image-preview:large","max-video-preview":"max-video-preview:-1"},"canonical":"https:\/\/swietlikmontessori.pl\/?page_id=250","og_locale":"en_US","og_type":"article","og_title":"Zaj\u0119cia zapoznawcze dla nowych rodzin w \u015awietliku - Przedszkole \u015awietlik Montessori","og_description":"Dla nowych rodzin &#8211; warsztaty zapoznawcze Rozumiemy, jak wymagaj\u0105ca bywa decyzja o wyborze przedszkola, dlatego stworzy\u0142y\u015bmy wydarzenie, podczas kt\u00f3rego mo\u017cecie bez po\u015bpiechu pozna\u0107 nas i nasze sposoby towarzyszenia dziecku w poznawaniu \u015bwiata. Dzi\u0119ki temu spotkaniu poczujecie atmosfer\u0119 \u015awietlika, b\u0119dzie te\u017c okazja porozmawia\u0107, rozejrze\u0107 si\u0119 w naszych salach, zada\u0107 pytania. Poznajmy si\u0119 stacjonarnie, to najlepszy spos\u00f3b:) [&hellip;]","og_url":"https:\/\/swietlikmontessori.pl\/?page_id=250","og_site_name":"Przedszkole \u015awietlik Montessori","article_modified_time":"2026-03-03T05:42:22+00:00","twitter_card":"summary_large_image","twitter_misc":{"Est. reading time":"2 minutes"},"schema":{"@context":"https:\/\/schema.org","@graph":[{"@type":"WebPage","@id":"https:\/\/swietlikmontessori.pl\/?page_id=250","url":"https:\/\/swietlikmontessori.pl\/?page_id=250","name":"Zaj\u0119cia zapoznawcze dla nowych rodzin w \u015awietliku - Przedszkole \u015awietlik Montessori","isPartOf":{"@id":"https:\/\/swietlikmontessori.pl\/#website"},"datePublished":"2026-03-03T04:57:44+00:00","dateModified":"2026-03-03T05:42:22+00:00","breadcrumb":{"@id":"https:\/\/swietlikmontessori.pl\/?page_id=250#breadcrumb"},"inLanguage":"en-US","potentialAction":[{"@type":"ReadAction","target":["https:\/\/swietlikmontessori.pl\/?page_id=250"]}]},{"@type":"BreadcrumbList","@id":"https:\/\/swietlikmontessori.pl\/?page_id=250#breadcrumb","itemListElement":[{"@type":"ListItem","position":1,"name":"Home","item":"https:\/\/swietlikmontessori.pl\/"},{"@type":"ListItem","position":2,"name":"Dla nowych rodzin &#8211; warsztaty zapoznawcze"}]},{"@type":"WebSite","@id":"https:\/\/swietlikmontessori.pl\/#website","url":"https:\/\/swietlikmontessori.pl\/","name":"Przedszkole \u015awietlik Montessori","description":"","publisher":{"@id":"https:\/\/swietlikmontessori.pl\/#organization"},"potentialAction":[{"@type":"SearchAction","target":{"@type":"EntryPoint","urlTemplate":"https:\/\/swietlikmontessori.pl\/?s={search_term_string}"},"query-input":{"@type":"PropertyValueSpecification","valueRequired":true,"valueName":"search_term_string"}}],"inLanguage":"en-US"},{"@type":"Organization","@id":"https:\/\/swietlikmontessori.pl\/#organization","name":"Przedszkole \u015awietlik Montessori","url":"https:\/\/swietlikmontessori.pl\/","logo":{"@type":"ImageObject","inLanguage":"en-US","@id":"https:\/\/swietlikmontessori.pl\/#\/schema\/logo\/image\/","url":"https:\/\/swietlikmontessori.pl\/wp-content\/uploads\/2025\/10\/swietlik.png","contentUrl":"https:\/\/swietlikmontessori.pl\/wp-content\/uploads\/2025\/10\/swietlik.png","width":225,"height":225,"caption":"Przedszkole \u015awietlik Montessori"},"image":{"@id":"https:\/\/swietlikmontessori.pl\/#\/schema\/logo\/image\/"}}]}},"_links":{"self":[{"href":"https:\/\/swietlikmontessori.pl\/index.php?rest_route=\/wp\/v2\/pages\/250","targetHints":{"allow":["GET"]}}],"collection":[{"href":"https:\/\/swietlikmontessori.pl\/index.php?rest_route=\/wp\/v2\/pages"}],"about":[{"href":"https:\/\/swietlikmontessori.pl\/index.php?rest_route=\/wp\/v2\/types\/page"}],"author":[{"embeddable":true,"href":"https:\/\/swietlikmontessori.pl\/index.php?rest_route=\/wp\/v2\/users\/3"}],"replies":[{"embeddable":true,"href":"https:\/\/swietlikmontessori.pl\/index.php?rest_route=%2Fwp%2Fv2%2Fcomments&post=250"}],"version-history":[{"count":7,"href":"https:\/\/swietlikmontessori.pl\/index.php?rest_route=\/wp\/v2\/pages\/250\/revisions"}],"predecessor-version":[{"id":272,"href":"https:\/\/swietlikmontessori.pl\/index.php?rest_route=\/wp\/v2\/pages\/250\/revisions\/272"}],"wp:attachment":[{"href":"https:\/\/swietlikmontessori.pl\/index.php?rest_route=%2Fwp%2Fv2%2Fmedia&parent=250"}],"curies":[{"name":"wp","href":"https:\/\/api.w.org\/{rel}","templated":true}]}}